{"id":881,"date":"2021-07-14T15:08:21","date_gmt":"2021-07-14T15:08:21","guid":{"rendered":"https:\/\/digidab.krautli.systems\/partenaire-dinstallation\/"},"modified":"2021-10-08T11:07:11","modified_gmt":"2021-10-08T11:07:11","slug":"partenaire-dinstallation","status":"publish","type":"page","link":"https:\/\/digidab.ch\/fr\/partenaire-dinstallation\/","title":{"rendered":"Partenaire d&rsquo;Installation"},"content":{"rendered":"<p>Nous nous engageons \u00e0 vous fournir le meilleur service possible, m\u00eame apr\u00e8s la vente. C&rsquo;est pourquoi nous avons fait \u00e9quipe avec des entreprises de toute la Suisse qui peuvent vous aider \u00e0 installer votre nouveau r\u00e9cepteur DAB+ ou une antenne de remplacement pour que tout fonctionne comme pr\u00e9vu dans votre voiture.<\/p>\n<p>Veuillez consulter la carte ci-dessous pour trouver un partenaire d&rsquo;installation pr\u00e8s de chez vous.<\/p>\n","protected":false},"excerpt":{"rendered":"<p>Nous nous engageons \u00e0 vous fournir le meilleur service possible, m\u00eame apr\u00e8s la vente. C&rsquo;est pourquoi nous avons fait \u00e9quipe avec des entreprises de toute la<span class=\"excerpt-hellip\"> [\u2026]<\/span><\/p>\n","protected":false},"author":177102,"featured_media":0,"parent":0,"menu_order":0,"comment_status":"closed","ping_status":"closed","template":"","meta":{"footnotes":""},"class_list":["post-881","page","type-page","status-publish","hentry"],"_links":{"self":[{"href":"https:\/\/digidab.ch\/fr\/wp-json\/wp\/v2\/pages\/881","targetHints":{"allow":["GET"]}}],"collection":[{"href":"https:\/\/digidab.ch\/fr\/wp-json\/wp\/v2\/pages"}],"about":[{"href":"https:\/\/digidab.ch\/fr\/wp-json\/wp\/v2\/types\/page"}],"author":[{"embeddable":true,"href":"https:\/\/digidab.ch\/fr\/wp-json\/wp\/v2\/users\/177102"}],"replies":[{"embeddable":true,"href":"https:\/\/digidab.ch\/fr\/wp-json\/wp\/v2\/comments?post=881"}],"version-history":[{"count":1,"href":"https:\/\/digidab.ch\/fr\/wp-json\/wp\/v2\/pages\/881\/revisions"}],"predecessor-version":[{"id":898,"href":"https:\/\/digidab.ch\/fr\/wp-json\/wp\/v2\/pages\/881\/revisions\/898"}],"wp:attachment":[{"href":"https:\/\/digidab.ch\/fr\/wp-json\/wp\/v2\/media?parent=881"}],"curies":[{"name":"wp","href":"https:\/\/api.w.org\/{rel}","templated":true}]}}