{"id":972,"date":"2021-07-22T11:14:37","date_gmt":"2021-07-22T11:14:37","guid":{"rendered":"https:\/\/digidab.krautli.systems\/politique-de-confidentialite\/"},"modified":"2021-07-22T11:14:40","modified_gmt":"2021-07-22T11:14:40","slug":"politique-de-confidentialite","status":"publish","type":"page","link":"https:\/\/digidab.ch\/fr\/politique-de-confidentialite\/","title":{"rendered":"Politique de Confidentialit\u00e9"},"content":{"rendered":"\n<ol class=\"wp-block-list\"><li><strong>Clause de non-responsabilit\u00e9:<\/strong> L&rsquo;auteur n&rsquo;assume aucune responsabilit\u00e9 quant \u00e0 l&rsquo;exactitude, la pr\u00e9cision, l&rsquo;actualit\u00e9, la fiabilit\u00e9 et l&rsquo;exhaustivit\u00e9 des informations. Les r\u00e9clamations en responsabilit\u00e9 concernant des dommages caus\u00e9s par l&rsquo;utilisation de toute information fournie, y compris tout type d&rsquo;information incompl\u00e8te ou incorrecte, seront donc rejet\u00e9es. Toutes les offres sont sans engagement. L&rsquo;auteur se r\u00e9serve express\u00e9ment le droit de modifier, de compl\u00e9ter ou de supprimer des parties de pages ou l&rsquo;ensemble de l&rsquo;offre sans annonce s\u00e9par\u00e9e ou d&rsquo;interrompre temporairement ou d\u00e9finitivement la publication.   <\/li><li><strong>Responsabilit\u00e9 pour les liens:<\/strong> Les r\u00e9f\u00e9rences et les liens vers des sites web de tiers ne rel\u00e8vent pas de notre domaine de responsabilit\u00e9. Nous d\u00e9clinons toute responsabilit\u00e9 pour ces sites. L&rsquo;acc\u00e8s \u00e0 ces sites et leur utilisation se font aux risques et p\u00e9rils de l&rsquo;utilisateur.  <\/li><li><strong>Droits d&rsquo;auteur:<\/strong> Les droits d&rsquo;auteur et tous les autres droits relatifs au contenu, aux images, aux photos ou aux autres fichiers du site web appartiennent exclusivement \u00e0 la soci\u00e9t\u00e9 susmentionn\u00e9e ou aux titulaires de droits sp\u00e9cifiquement d\u00e9sign\u00e9s. Le consentement \u00e9crit des d\u00e9tenteurs des droits d&rsquo;auteur doit \u00eatre obtenu au pr\u00e9alable pour la reproduction de tout \u00e9l\u00e9ment. <\/li><li><strong>Protection des donn\u00e9es:<\/strong> En vertu de l&rsquo;article 13 de la Constitution f\u00e9d\u00e9rale suisse et des dispositions de la Conf\u00e9d\u00e9ration suisse en mati\u00e8re de protection des donn\u00e9es (loi sur la protection des donn\u00e9es, LPD), toute personne a droit \u00e0 la protection de sa vie priv\u00e9e ainsi qu&rsquo;\u00e0 la protection contre l&rsquo;utilisation abusive de ses donn\u00e9es personnelles. Nous nous conformons \u00e0 ces dispositions. Les donn\u00e9es personnelles sont trait\u00e9es de mani\u00e8re strictement confidentielle et ne sont ni vendues ni transmises \u00e0 des tiers. En \u00e9troite collaboration avec nos fournisseurs d&rsquo;h\u00e9bergement, nous nous effor\u00e7ons de prot\u00e9ger au mieux les bases de donn\u00e9es contre tout acc\u00e8s non autoris\u00e9, toute perte, toute utilisation abusive ou toute falsification. Lorsque vous acc\u00e9dez \u00e0 nos sites web, les donn\u00e9es suivantes sont stock\u00e9es dans des fichiers journaux: Adresse IP, date, heure, demande du navigateur et informations g\u00e9n\u00e9ralement transmises sur le syst\u00e8me d&rsquo;exploitation ou le navigateur. Ces donn\u00e9es d&rsquo;utilisation servent de base \u00e0 des \u00e9valuations statistiques anonymes permettant d&rsquo;identifier des tendances, que nous pouvons utiliser pour am\u00e9liorer nos offres en cons\u00e9quence.       <\/li><li><strong>R\u00e8gles de confidentialit\u00e9 pour l&rsquo;utilisation de Google Analytics:<\/strong> Ce site Web utilise Google Analytics, un service d&rsquo;analyse du Web fourni par Google Inc. (\u00ab\u00a0Google\u00a0\u00bb). Google Analytics utilise des \u00ab\u00a0cookies\u00a0\u00bb, qui sont des fichiers texte plac\u00e9s sur votre ordinateur, pour aider le site internet \u00e0 analyser l&rsquo;utilisation du site par ses utilisateurs. Les informations g\u00e9n\u00e9r\u00e9es par les cookies concernant votre utilisation de ce site web sont g\u00e9n\u00e9ralement transmises \u00e0 un serveur de Google et y sont stock\u00e9es. Toutefois, si l&rsquo;anonymisation IP est activ\u00e9e sur ce site, votre adresse IP sera pr\u00e9alablement tronqu\u00e9e par Google dans les \u00c9tats membres de l&rsquo;Union europ\u00e9enne ou dans d&rsquo;autres \u00c9tats contractants de l&rsquo;accord sur l&rsquo;Espace \u00e9conomique europ\u00e9en. Ce n&rsquo;est que dans des cas exceptionnels que l&rsquo;adresse IP compl\u00e8te sera transmise \u00e0 un serveur de Google aux \u00c9tats-Unis et y sera raccourcie. Google utilisera cette information dans le but d&rsquo;\u00e9valuer votre utilisation du site, de compiler des rapports sur l&rsquo;activit\u00e9 du site \u00e0 destination de son \u00e9diteur et de fournir d&rsquo;autres services relatifs \u00e0 l&rsquo;activit\u00e9 du site et \u00e0 l&rsquo;utilisation d&rsquo;Internet. Google peut \u00e9galement transmettre ces informations \u00e0 des tiers si la loi l&rsquo;exige ou si ces tiers traitent ces informations pour le compte de Google. L&rsquo;adresse IP transmise par votre navigateur dans le cadre de Google Analytics ne sera pas fusionn\u00e9e avec d&rsquo;autres donn\u00e9es de Google. Vous pouvez refuser l&rsquo;utilisation de cookies en s\u00e9lectionnant les param\u00e8tres appropri\u00e9s de votre navigateur, mais veuillez noter que si vous faites cela, vous ne pourrez peut-\u00eatre pas utiliser toutes les fonctionnalit\u00e9s de ce site web. En utilisant ce site Web, vous consentez au traitement des donn\u00e9es vous concernant par Google de la mani\u00e8re et aux fins d\u00e9crites ci-dessus.          <\/li><li><strong>Politique de confidentialit\u00e9 et avis juridique:<\/strong> digiDAB (ci-apr\u00e8s \u00ab\u00a0nous\u00a0\u00bb) respecte et prot\u00e8ge votre droit \u00e0 la protection des donn\u00e9es et \u00e0 la confidentialit\u00e9. La politique de confidentialit\u00e9 d\u00e9crit: 1) les donn\u00e9es que nous collectons par le biais de nos sites web (zones publiques et ferm\u00e9es), 2) les donn\u00e9es que vous nous soumettez en tant que client, 3) les donn\u00e9es relatives aux achats de nos clients, et 4) les droits dont vous disposez en ce qui concerne vos donn\u00e9es personnelles et la mani\u00e8re dont vous pouvez exercer ces droits. \u00ab\u00a0Les donn\u00e9es personnelles\u00a0\u00bb sont des donn\u00e9es qui vous rendent personnellement identifiable par des moyens directs ou indirects, par exemple le nom, l&rsquo;adresse \u00e9lectronique et les articles achet\u00e9s (dans la mesure o\u00f9 nous pouvons les associer \u00e0 votre adresse \u00e9lectronique \/ compte client).      <\/li><li><strong>Quand nous collectons des donn\u00e9es personnelles:<\/strong> Nous obtenons des donn\u00e9es personnelles de votre part ou \u00e0 votre sujet en fonction de vos activit\u00e9s, mais en particulier dans les cas suivants:<ul><li>Via notre site web: Nous enregistrons votre nom et votre num\u00e9ro de t\u00e9l\u00e9phone lorsque vous nous demandez de vous rappeler.<\/li><li>Contact: Si vous nous demandez de vous contacter, nous conserverons votre entreprise, votre titre, vos nom et pr\u00e9nom, votre num\u00e9ro de t\u00e9l\u00e9phone, votre adresse \u00e9lectronique, votre adresse et votre code postal afin de pouvoir vous conseiller de mani\u00e8re comp\u00e9tente.<\/li><li>Demandes de prix: Pour les demandes de prix, nous enregistrons votre soci\u00e9t\u00e9 ainsi que votre titre, votre nom et pr\u00e9nom, votre num\u00e9ro de t\u00e9l\u00e9phone, votre adresse \u00e9lectronique et le contenu de votre demande.<\/li><li>Enregistrement du client: En tant que nouveau client de digiDAB, nous stockons au moins votre nom et votre pr\u00e9nom, votre adresse et votre adresse e-mail. Nous stockons \u00e9galement toutes les donn\u00e9es soumises volontairement, telles que le titre, la soci\u00e9t\u00e9, le formulaire de la soci\u00e9t\u00e9, le t\u00e9l\u00e9phone et le fax. <\/li><li>Visites de notre site web \/ Trafic e-mail: Nous stockons des donn\u00e9es sur vos visites sur notre site web (pages visit\u00e9es, informations sur le navigateur utilis\u00e9, votre adresse IP) et sur le trafic e-mail interactif entre digiDAB et vous.<\/li><\/ul><\/li><li><strong>Par le biais de contrats s\u00e9par\u00e9s:<\/strong> Pour les clients qui concluent des accords de partenariat avec nos ateliers, nous stockons non seulement le num\u00e9ro de client et l&rsquo;entreprise, mais aussi les coordonn\u00e9es, l&rsquo;adresse Internet et le propri\u00e9taire de l&rsquo;entreprise.<\/li><li><strong>\u00c0 propos des achats:<\/strong> Nous recueillons des donn\u00e9es sur les achats des clients (en ligne et par t\u00e9l\u00e9phone). En outre, nous recueillons des donn\u00e9es lors de la communication avec vous en cas de retour, d&rsquo;\u00e9change ou de renvoi de produits dans le cadre de demandes de garantie ou de services de r\u00e9paration. <\/li><li><strong>A propos des promotions marketing:<\/strong> Participation \u00e0 des loteries, concours ou promotions: Nous enregistrons votre entreprise, votre nom et vos coordonn\u00e9es lorsque vous participez \u00e0 des tirages au sort, des concours ou des promotions que nous organisons.<\/li><li><strong>\u00c9v\u00e9nements et foires commerciales organis\u00e9s par des partenaires:<\/strong> Si vous participez \u00e0 nos \u00e9v\u00e9nements ou salons partenaires, nous enregistrons au moins votre entreprise et le nom ou le pr\u00e9nom du ou des visiteurs.<\/li><li><strong>Comment nous utilisons les donn\u00e9es personnelles:<\/strong> Nous utilisons vos informations personnelles pour traiter vos achats, envoyer des confirmations, v\u00e9rifier les transactions pour d\u00e9tecter toute activit\u00e9 frauduleuse, traiter les retours, les r\u00e9parations et les \u00e9changes de produits, r\u00e9pondre aux demandes des clients et pour toutes les communications connexes.<\/li><li><strong>Administration des sites web:<\/strong> Nous utilisons vos donn\u00e9es personnelles pour fournir d&rsquo;autres services, tels que le traitement des demandes de catalogue, l&rsquo;envoi de la newsletter ou l&rsquo;offre de promotions, et pour v\u00e9rifier votre identit\u00e9 au cas o\u00f9 vous auriez oubli\u00e9 votre mot de passe.<\/li><li><strong>Analyse des donn\u00e9es:<\/strong> Nous pouvons stocker des donn\u00e9es sur vos visites sur notre site web, y compris des d\u00e9tails sur les pages visit\u00e9es et les services utilis\u00e9s, ainsi que des donn\u00e9es sur votre interaction \u00e9lectronique avec les courriels que nous vous envoyons en tant que \u00ab\u00a0donn\u00e9es d&rsquo;utilisation\u00a0\u00bb. Les donn\u00e9es ne sont pas stock\u00e9es sous votre nom, mais de mani\u00e8re anonyme gr\u00e2ce \u00e0 un num\u00e9ro d&rsquo;identification. Nous utilisons ces donn\u00e9es d&rsquo;utilisation pour obtenir des informations sur les pr\u00e9f\u00e9rences d&rsquo;achat de nos utilisateurs, pour adapter nos offres et nos sites web \u00e0 vos int\u00e9r\u00eats et pr\u00e9f\u00e9rences, pour d\u00e9panner et optimiser les sites web, produits et services, pour analyser les tendances et les statistiques et pour pr\u00e9senter notre contenu sous la forme la plus attrayante et la plus conviviale pour vous.  <\/li><li><strong>Sauvegarde de nos actifs:<\/strong> Nous pouvons utiliser les donn\u00e9es personnelles pour des mesures visant \u00e0 assurer la s\u00e9curit\u00e9 et l&rsquo;int\u00e9grit\u00e9 de nos sites web et de nos activit\u00e9s.<\/li><li><strong>Autres:<\/strong> Nous pouvons collecter et utiliser des donn\u00e9es \u00e0 caract\u00e8re personnel dans le cadre de l&rsquo;une des finalit\u00e9s susmentionn\u00e9es.<\/li><li><strong>Utilisation des donn\u00e9es personnelles \u00e0 des fins de marketing:<\/strong> Nous pouvons utiliser les donn\u00e9es personnelles \u00e0 des fins de marketing et d&rsquo;\u00e9tudes de march\u00e9 pour obtenir des informations sur nos clients et utilisateurs et pour le marketing direct. Le fait de vous contacter \u00e0 des fins de marketing s&rsquo;effectue toujours dans le respect des dispositions l\u00e9gales applicables. Cela signifie en d\u00e9tail: Nous pouvons vous envoyer des mailings, sauf si vous avez express\u00e9ment refus\u00e9 de les recevoir. Nous pouvons vous envoyer des courriels contenant des informations sur des produits comparables \u00e0 ceux que vous avez d\u00e9j\u00e0 achet\u00e9s, \u00e0 condition que vous ne vous soyez pas oppos\u00e9 \u00e0 la r\u00e9ception de tels courriels. Tout autre contact \u00e0 des fins de marketing direct (par exemple, d&rsquo;autres courriels, des messages SMS) ne sera effectu\u00e9 qu&rsquo;avec votre consentement explicite. Si nous vous envoyons du mat\u00e9riel de marketing, nous l&rsquo;utiliserons uniquement pour promouvoir nos propres produits. Vous pouvez \u00e0 tout moment vous opposer \u00e0 l&rsquo;utilisation de vos donn\u00e9es personnelles \u00e0 des fins de marketing et d&rsquo;\u00e9tudes de march\u00e9 ou de marketing direct. Pour ce faire, veuillez envoyer un courriel \u00e0 contact@digidab.ch.       <\/li><\/ol><br\/>","protected":false},"excerpt":{"rendered":"<p>Clause de non-responsabilit\u00e9: L&rsquo;auteur n&rsquo;assume aucune responsabilit\u00e9 quant \u00e0 l&rsquo;exactitude, la pr\u00e9cision, l&rsquo;actualit\u00e9, la fiabilit\u00e9 et l&rsquo;exhaustivit\u00e9 des informations. Les r\u00e9clamations en responsabilit\u00e9 concernant des dommages<span class=\"excerpt-hellip\"> [\u2026]<\/span><\/p>\n","protected":false},"author":177102,"featured_media":0,"parent":0,"menu_order":0,"comment_status":"closed","ping_status":"closed","template":"","meta":{"footnotes":""},"class_list":["post-972","page","type-page","status-publish","hentry"],"_links":{"self":[{"href":"https:\/\/digidab.ch\/fr\/wp-json\/wp\/v2\/pages\/972","targetHints":{"allow":["GET"]}}],"collection":[{"href":"https:\/\/digidab.ch\/fr\/wp-json\/wp\/v2\/pages"}],"about":[{"href":"https:\/\/digidab.ch\/fr\/wp-json\/wp\/v2\/types\/page"}],"author":[{"embeddable":true,"href":"https:\/\/digidab.ch\/fr\/wp-json\/wp\/v2\/users\/177102"}],"replies":[{"embeddable":true,"href":"https:\/\/digidab.ch\/fr\/wp-json\/wp\/v2\/comments?post=972"}],"version-history":[{"count":3,"href":"https:\/\/digidab.ch\/fr\/wp-json\/wp\/v2\/pages\/972\/revisions"}],"predecessor-version":[{"id":975,"href":"https:\/\/digidab.ch\/fr\/wp-json\/wp\/v2\/pages\/972\/revisions\/975"}],"wp:attachment":[{"href":"https:\/\/digidab.ch\/fr\/wp-json\/wp\/v2\/media?parent=972"}],"curies":[{"name":"wp","href":"https:\/\/api.w.org\/{rel}","templated":true}]}}