{"id":1110,"date":"2022-03-15T18:00:09","date_gmt":"2022-03-15T18:09:12","guid":{"rendered":"https:\/\/digidab.krautli.systems\/product\/blaupunkt-stockholm-400-dab\/"},"modified":"2022-03-15T18:23:37","modified_gmt":"2022-03-15T18:23:37","slug":"blaupunkt-stockholm-400-dab-2","status":"publish","type":"product","link":"https:\/\/digidab.ch\/fr\/produit\/blaupunkt-stockholm-400-dab-2\/","title":{"rendered":"Blaupunkt Stockholm 400 DAB"},"content":{"rendered":"<p>Le <strong>Blaupunkt Stockholm 400 DAB BT<\/strong> est un autoradio au format classique 1-DIN. En plus d&rsquo;un lecteur CD, il est possible de lire des fichiers audio via une cl\u00e9 USB, une carte SD ou via une prise jack 3,5 mm avec un lecteur MP3. En outre, il int\u00e8gre un tuner DAB+, qui permet de recevoir la radio num\u00e9rique.<\/p>\n<p>Gr\u00e2ce \u00e0 la fonction Bluetooth int\u00e9gr\u00e9e, il est possible d&rsquo;utiliser une fonction mains libres afin de passer des appels sans avoir \u00e0 d\u00e9crocher le smartphone.<\/p>\n<p>&nbsp;<\/p>\n<h6 style=\"text-align: center;\">AVEZ-VOUS BESOIN D&rsquo;AIDE?<\/h6>\n<h2 style=\"text-align: center;\">044 439 66 66<\/h2>\n<h6 style=\"text-align: center;\">NOUS SOMMES DISPONIBLES DU LUNDI AU VENDREDI<br \/>\n08:00 &#8211; 17:00<\/h6>\n<p>&nbsp;<\/p>\n","protected":false},"excerpt":{"rendered":"<p><strong>Blaupunkt Autoradio DAB+<\/strong><\/p>\n<p>R\u00e9f\u00e9rence 2 001 020 000 006<br \/>\nFabricant: Blaupunkt<\/p>\n<p><a href=\"https:\/\/digidab.ch\/wp-content\/uploads\/2022\/03\/Blaupunkt-Stockholm-400-DAB-Bedienungsanleitung.pdf\" target=\"_blank\" rel=\"noopener\">Mode d&#8217;emploi<\/a><br \/>\n<a href=\"https:\/\/digidab.ch\/wp-content\/uploads\/2022\/03\/Blaupunkt-Stockholm-400-DAB-EU-Konformitatserklarung.pdf\" target=\"_blank\" rel=\"noopener\">D\u00e9claration de conformit\u00e9 UE<\/a><\/p>\n","protected":false},"featured_media":1105,"comment_status":"open","ping_status":"closed","template":"","meta":[],"product_brand":[],"product_cat":[82,79,56,84],"product_tag":[],"class_list":{"0":"post-1110","1":"product","2":"type-product","3":"status-publish","4":"has-post-thumbnail","6":"product_cat-12v-fr","7":"product_cat-autoradios-fr","8":"product_cat-dab-vehicule","9":"product_cat-radios-cd","11":"first","12":"instock","13":"shipping-taxable","14":"purchasable","15":"product-type-simple"},"_links":{"self":[{"href":"https:\/\/digidab.ch\/fr\/wp-json\/wp\/v2\/product\/1110","targetHints":{"allow":["GET"]}}],"collection":[{"href":"https:\/\/digidab.ch\/fr\/wp-json\/wp\/v2\/product"}],"about":[{"href":"https:\/\/digidab.ch\/fr\/wp-json\/wp\/v2\/types\/product"}],"replies":[{"embeddable":true,"href":"https:\/\/digidab.ch\/fr\/wp-json\/wp\/v2\/comments?post=1110"}],"wp:featuredmedia":[{"embeddable":true,"href":"https:\/\/digidab.ch\/fr\/wp-json\/wp\/v2\/media\/1105"}],"wp:attachment":[{"href":"https:\/\/digidab.ch\/fr\/wp-json\/wp\/v2\/media?parent=1110"}],"wp:term":[{"taxonomy":"product_brand","embeddable":true,"href":"https:\/\/digidab.ch\/fr\/wp-json\/wp\/v2\/product_brand?post=1110"},{"taxonomy":"product_cat","embeddable":true,"href":"https:\/\/digidab.ch\/fr\/wp-json\/wp\/v2\/product_cat?post=1110"},{"taxonomy":"product_tag","embeddable":true,"href":"https:\/\/digidab.ch\/fr\/wp-json\/wp\/v2\/product_tag?post=1110"}],"curies":[{"name":"wp","href":"https:\/\/api.w.org\/{rel}","templated":true}]}}