{"id":1258,"date":"2023-05-23T18:50:01","date_gmt":"2023-05-23T17:55:10","guid":{"rendered":"https:\/\/digidab.ch\/?post_type=product&#038;p=1258"},"modified":"2023-05-24T11:59:52","modified_gmt":"2023-05-24T09:59:52","slug":"kienzle-mcr-2420dab","status":"publish","type":"product","link":"https:\/\/digidab.ch\/fr\/produit\/kienzle-mcr-2420dab\/","title":{"rendered":"Kienzle MCR-2420DAB+"},"content":{"rendered":"<p>Le <strong>MCR-2420DAB+ de Kienzle<\/strong> est un radio 1-DIN 24-Volts pour camions, robuste et sans lecteur de disque, avec connexions USB (2x), AUX, Bluetooth et DAB+. Il dispose d&rsquo;une fa\u00e7ade fixe avec un \u00e9cran LCD bien lisible, ce qui le rend id\u00e9al pour les camions, car il dispose d&rsquo;une connexion directe de 24V!<\/p>\n<p>&nbsp;<\/p>\n<h6 style=\"text-align: center;\">AVEZ-VOUS BESOIN D&rsquo;AIDE?<\/h6>\n<h2 style=\"text-align: center;\">044 439 66 66<\/h2>\n<h6 style=\"text-align: center;\">NOUS SOMMES DISPONIBLES DU LUNDI AU VENDREDI<br \/>\n08:00 &#8211; 17:00<\/h6>\n<p>&nbsp;<\/p>\n","protected":false},"excerpt":{"rendered":"<p><strong>Kienzle Tuner avec Fixed Front<\/strong><br \/>\n24V &#8211; FM\/RDS\/USB\/AUX\/MP3\/BT\/DAB+<\/p>\n<p>R\u00e9f\u00e9rence MCR-2420DAB+<br \/>\nFabricant: Kienzle<\/p>\n","protected":false},"featured_media":1261,"comment_status":"open","ping_status":"closed","template":"","meta":[],"product_brand":[],"product_cat":[83,79,56,87],"product_tag":[],"class_list":{"0":"post-1258","1":"product","2":"type-product","3":"status-publish","4":"has-post-thumbnail","6":"product_cat-24v-fr","7":"product_cat-autoradios-fr","8":"product_cat-dab-vehicule","9":"product_cat-mechless-fr-2","11":"first","12":"instock","13":"shipping-taxable","14":"purchasable","15":"product-type-simple"},"_links":{"self":[{"href":"https:\/\/digidab.ch\/fr\/wp-json\/wp\/v2\/product\/1258","targetHints":{"allow":["GET"]}}],"collection":[{"href":"https:\/\/digidab.ch\/fr\/wp-json\/wp\/v2\/product"}],"about":[{"href":"https:\/\/digidab.ch\/fr\/wp-json\/wp\/v2\/types\/product"}],"replies":[{"embeddable":true,"href":"https:\/\/digidab.ch\/fr\/wp-json\/wp\/v2\/comments?post=1258"}],"wp:featuredmedia":[{"embeddable":true,"href":"https:\/\/digidab.ch\/fr\/wp-json\/wp\/v2\/media\/1261"}],"wp:attachment":[{"href":"https:\/\/digidab.ch\/fr\/wp-json\/wp\/v2\/media?parent=1258"}],"wp:term":[{"taxonomy":"product_brand","embeddable":true,"href":"https:\/\/digidab.ch\/fr\/wp-json\/wp\/v2\/product_brand?post=1258"},{"taxonomy":"product_cat","embeddable":true,"href":"https:\/\/digidab.ch\/fr\/wp-json\/wp\/v2\/product_cat?post=1258"},{"taxonomy":"product_tag","embeddable":true,"href":"https:\/\/digidab.ch\/fr\/wp-json\/wp\/v2\/product_tag?post=1258"}],"curies":[{"name":"wp","href":"https:\/\/api.w.org\/{rel}","templated":true}]}}