{"id":1267,"date":"2023-05-24T11:58:21","date_gmt":"2023-05-24T10:32:07","guid":{"rendered":"https:\/\/digidab.ch\/?post_type=product&#038;p=1267"},"modified":"2023-05-24T12:32:07","modified_gmt":"2023-05-24T10:32:07","slug":"kienzle-mcr-1120dab","status":"publish","type":"product","link":"https:\/\/digidab.ch\/fr\/produit\/kienzle-mcr-1120dab\/","title":{"rendered":"Kienzle MCR-1120DAB+"},"content":{"rendered":"<p>Le <strong>MCR-1120DAB+ de Kienzle<\/strong> est un autoradio 1-DIN 12-Volts robuste et sans lecteur de disque, avec connexions USB (2x), AUX, Bluetooth et DAB+.<\/p>\n<p>Il ne poss\u00e8de pas de lecteur de CD et est polyvalent gr\u00e2ce \u00e0 sa faible profondeur d&rsquo;encastrement de seulement 95mm. Son design chic et intemporel s&rsquo;int\u00e8gre bien dans le tableau de bord de votre voiture et convient particuli\u00e8rement aux v\u00e9hicules Youngtimer. Vous \u00e9coutez la radio en qualit\u00e9 CD gr\u00e2ce au tuner DAB+ int\u00e9gr\u00e9. Profitez de la libert\u00e9 de t\u00e9l\u00e9phoner gr\u00e2ce au dispositif mains libres int\u00e9gr\u00e9. Le microphone n\u00e9cessaire est fourni avec l&rsquo;autoradio.<\/p>\n<p>&nbsp;<\/p>\n<h6 style=\"text-align: center;\">AVEZ-VOUS BESOIN D&rsquo;AIDE?<\/h6>\n<h2 style=\"text-align: center;\">044 439 66 66<\/h2>\n<h6 style=\"text-align: center;\">NOUS SOMMES DISPONIBLES DU LUNDI AU VENDREDI<br \/>\n08:00 &#8211; 17:00<\/h6>\n<p>&nbsp;<\/p>\n","protected":false},"excerpt":{"rendered":"<p><strong>Kienzle Tuner avec Fixed Front<\/strong><br \/>\n12V &#8211; FM\/RDS\/USB\/AUX\/MP3\/BT\/DAB+<\/p>\n<p>R\u00e9f\u00e9rence MCR-1120DAB+<br \/>\nFabricant: Kienzle<\/p>\n","protected":false},"featured_media":1259,"comment_status":"open","ping_status":"closed","template":"","meta":[],"product_brand":[],"product_cat":[82,79,56,85],"product_tag":[],"class_list":{"0":"post-1267","1":"product","2":"type-product","3":"status-publish","4":"has-post-thumbnail","6":"product_cat-12v-fr","7":"product_cat-autoradios-fr","8":"product_cat-dab-vehicule","9":"product_cat-mechless-fr","11":"first","12":"instock","13":"shipping-taxable","14":"purchasable","15":"product-type-simple"},"_links":{"self":[{"href":"https:\/\/digidab.ch\/fr\/wp-json\/wp\/v2\/product\/1267","targetHints":{"allow":["GET"]}}],"collection":[{"href":"https:\/\/digidab.ch\/fr\/wp-json\/wp\/v2\/product"}],"about":[{"href":"https:\/\/digidab.ch\/fr\/wp-json\/wp\/v2\/types\/product"}],"replies":[{"embeddable":true,"href":"https:\/\/digidab.ch\/fr\/wp-json\/wp\/v2\/comments?post=1267"}],"wp:featuredmedia":[{"embeddable":true,"href":"https:\/\/digidab.ch\/fr\/wp-json\/wp\/v2\/media\/1259"}],"wp:attachment":[{"href":"https:\/\/digidab.ch\/fr\/wp-json\/wp\/v2\/media?parent=1267"}],"wp:term":[{"taxonomy":"product_brand","embeddable":true,"href":"https:\/\/digidab.ch\/fr\/wp-json\/wp\/v2\/product_brand?post=1267"},{"taxonomy":"product_cat","embeddable":true,"href":"https:\/\/digidab.ch\/fr\/wp-json\/wp\/v2\/product_cat?post=1267"},{"taxonomy":"product_tag","embeddable":true,"href":"https:\/\/digidab.ch\/fr\/wp-json\/wp\/v2\/product_tag?post=1267"}],"curies":[{"name":"wp","href":"https:\/\/api.w.org\/{rel}","templated":true}]}}