{"id":1275,"date":"2023-05-24T14:07:40","date_gmt":"2023-05-24T12:32:38","guid":{"rendered":"https:\/\/digidab.ch\/product\/blaupunkt-skagen-400-dab\/"},"modified":"2023-05-24T14:32:38","modified_gmt":"2023-05-24T12:32:38","slug":"blaupunkt-skagen-400-dab","status":"publish","type":"product","link":"https:\/\/digidab.ch\/fr\/produit\/blaupunkt-skagen-400-dab\/","title":{"rendered":"Blaupunkt Skagen 400 DAB"},"content":{"rendered":"<p>Le <strong>Blaupunkt Skagen 400 DAB<\/strong> de Blaupunkt est un autoradio au format classique 1-DIN sans lecteur de CD. La force de cet autoradio r\u00e9side dans la lecture de m\u00e9dias num\u00e9riques via une carte SD, une cl\u00e9 USB, en streaming Bluetooth ou via une connexion jack 3,5 mm avec des appareils audio externes. En outre, il existe un tuner DAB+ qui permet de recevoir la radio num\u00e9rique. Gr\u00e2ce \u00e0 la fonction Bluetooth int\u00e9gr\u00e9e, il est possible d&rsquo;utiliser une fonction mains libres afin de passer des appels sans avoir \u00e0 d\u00e9crocher le smartphone.<\/p>\n<p>&nbsp;<\/p>\n<h6 style=\"text-align: center;\">AVEZ-VOUS BESOIN D&rsquo;AIDE?<\/h6>\n<h2 style=\"text-align: center;\">044 439 66 66<\/h2>\n<h6 style=\"text-align: center;\">NOUS SOMMES DISPONIBLES DU LUNDI AU VENDREDI<br \/>\n08:00 &#8211; 17:00<\/h6>\n<p>&nbsp;<\/p>\n","protected":false},"excerpt":{"rendered":"<p><strong>Blaupunkt Autoradio DAB+<\/strong><br \/>\nProfondeur d&rsquo;installation courte<\/p>\n<p>R\u00e9f\u00e9rence 2 001 020 000 005<br \/>\nFabricant: Blaupunkt<\/p>\n<p><a href=\"https:\/\/digidab.ch\/wp-content\/uploads\/2023\/05\/Blaupunkt-Skagen-400-DAB-Manual.pdf\" target=\"_blank\" rel=\"noopener\">Mode d&#8217;emploi<\/a><\/p>\n","protected":false},"featured_media":1268,"comment_status":"open","ping_status":"closed","template":"","meta":[],"product_brand":[],"product_cat":[82,79,56,85],"product_tag":[],"class_list":{"0":"post-1275","1":"product","2":"type-product","3":"status-publish","4":"has-post-thumbnail","6":"product_cat-12v-fr","7":"product_cat-autoradios-fr","8":"product_cat-dab-vehicule","9":"product_cat-mechless-fr","11":"first","12":"instock","13":"shipping-taxable","14":"purchasable","15":"product-type-simple"},"_links":{"self":[{"href":"https:\/\/digidab.ch\/fr\/wp-json\/wp\/v2\/product\/1275","targetHints":{"allow":["GET"]}}],"collection":[{"href":"https:\/\/digidab.ch\/fr\/wp-json\/wp\/v2\/product"}],"about":[{"href":"https:\/\/digidab.ch\/fr\/wp-json\/wp\/v2\/types\/product"}],"replies":[{"embeddable":true,"href":"https:\/\/digidab.ch\/fr\/wp-json\/wp\/v2\/comments?post=1275"}],"wp:featuredmedia":[{"embeddable":true,"href":"https:\/\/digidab.ch\/fr\/wp-json\/wp\/v2\/media\/1268"}],"wp:attachment":[{"href":"https:\/\/digidab.ch\/fr\/wp-json\/wp\/v2\/media?parent=1275"}],"wp:term":[{"taxonomy":"product_brand","embeddable":true,"href":"https:\/\/digidab.ch\/fr\/wp-json\/wp\/v2\/product_brand?post=1275"},{"taxonomy":"product_cat","embeddable":true,"href":"https:\/\/digidab.ch\/fr\/wp-json\/wp\/v2\/product_cat?post=1275"},{"taxonomy":"product_tag","embeddable":true,"href":"https:\/\/digidab.ch\/fr\/wp-json\/wp\/v2\/product_tag?post=1275"}],"curies":[{"name":"wp","href":"https:\/\/api.w.org\/{rel}","templated":true}]}}