{"id":1283,"date":"2023-05-24T17:35:59","date_gmt":"2023-05-24T15:37:51","guid":{"rendered":"https:\/\/digidab.ch\/?post_type=product&#038;p=1283"},"modified":"2023-05-24T17:37:51","modified_gmt":"2023-05-24T15:37:51","slug":"vdo-trdw312ub-or","status":"publish","type":"product","link":"https:\/\/digidab.ch\/fr\/produit\/vdo-trdw312ub-or\/","title":{"rendered":"VDO TRDW312UB-OR"},"content":{"rendered":"<p>Les syst\u00e8mes audio pour v\u00e9hicules de VDO se sont fait un nom dans le monde de l&rsquo;infodivertissement. B\u00e9n\u00e9ficiez de notre vaste savoir-faire et d&rsquo;une gamme de produits audio adapt\u00e9s au march\u00e9 avec le <strong>VDO TRDW312UB-OR<\/strong>.<\/p>\n<p>&nbsp;<\/p>\n<h6 style=\"text-align: center;\">AVEZ-VOUS BESOIN D&rsquo;AIDE?<\/h6>\n<h2 style=\"text-align: center;\">044 439 66 66<\/h2>\n<h6 style=\"text-align: center;\">NOUS SOMMES DISPONIBLES DU LUNDI AU VENDREDI<br \/>\n08:00 &#8211; 17:00<\/h6>\n<p>&nbsp;<\/p>\n","protected":false},"excerpt":{"rendered":"<p><strong>VDO Autoradio DAB+<\/strong><br \/>\nRadio 12V USB\/MP3\/WMA\/DAB+\/Bluetooth<\/p>\n<p>R\u00e9f\u00e9rence TRDW312UB-OR<br \/>\nFabricant: VDO<\/p>\n","protected":false},"featured_media":1278,"comment_status":"open","ping_status":"closed","template":"","meta":[],"product_brand":[],"product_cat":[82,79,56,85],"product_tag":[],"class_list":{"0":"post-1283","1":"product","2":"type-product","3":"status-publish","4":"has-post-thumbnail","6":"product_cat-12v-fr","7":"product_cat-autoradios-fr","8":"product_cat-dab-vehicule","9":"product_cat-mechless-fr","11":"first","12":"instock","13":"shipping-taxable","14":"purchasable","15":"product-type-simple"},"_links":{"self":[{"href":"https:\/\/digidab.ch\/fr\/wp-json\/wp\/v2\/product\/1283","targetHints":{"allow":["GET"]}}],"collection":[{"href":"https:\/\/digidab.ch\/fr\/wp-json\/wp\/v2\/product"}],"about":[{"href":"https:\/\/digidab.ch\/fr\/wp-json\/wp\/v2\/types\/product"}],"replies":[{"embeddable":true,"href":"https:\/\/digidab.ch\/fr\/wp-json\/wp\/v2\/comments?post=1283"}],"wp:featuredmedia":[{"embeddable":true,"href":"https:\/\/digidab.ch\/fr\/wp-json\/wp\/v2\/media\/1278"}],"wp:attachment":[{"href":"https:\/\/digidab.ch\/fr\/wp-json\/wp\/v2\/media?parent=1283"}],"wp:term":[{"taxonomy":"product_brand","embeddable":true,"href":"https:\/\/digidab.ch\/fr\/wp-json\/wp\/v2\/product_brand?post=1283"},{"taxonomy":"product_cat","embeddable":true,"href":"https:\/\/digidab.ch\/fr\/wp-json\/wp\/v2\/product_cat?post=1283"},{"taxonomy":"product_tag","embeddable":true,"href":"https:\/\/digidab.ch\/fr\/wp-json\/wp\/v2\/product_tag?post=1283"}],"curies":[{"name":"wp","href":"https:\/\/api.w.org\/{rel}","templated":true}]}}