{"id":1359,"date":"2024-09-17T16:52:22","date_gmt":"2024-09-17T14:52:22","guid":{"rendered":"https:\/\/digidab.ch\/?post_type=product&#038;p=1359"},"modified":"2024-12-20T12:30:48","modified_gmt":"2024-12-20T11:30:48","slug":"digidab-bern","status":"publish","type":"product","link":"https:\/\/digidab.ch\/fr\/produit\/digidab-bern\/","title":{"rendered":"digiDAB Bern"},"content":{"rendered":"<p>Mettez votre autoradio actuel en autoradio DAB+ avec le <strong>digiDAB Bern<\/strong>.<\/p>\n<p>Notre adaptateur auto DAB+ d&rsquo;entr\u00e9e de gamme vous apporte plus de stations radio et donc plus de choix, le tout dans la qualit\u00e9 cristalline r\u00e9put\u00e9e du DAB+. Facile \u00e0 installer et \u00e0 utiliser, le digiDAB Bern s&rsquo;int\u00e8gre \u00e9l\u00e9gamment \u00e0 tout tableau de bord.<\/p>\n<p>La radio num\u00e9rique DAB+ vous offre un son de qualit\u00e9 num\u00e9rique tr\u00e8s d\u00e9taill\u00e9 et un contenu de qualit\u00e9, dont la plupart ne sont disponibles que sur la radio num\u00e9rique. La radio num\u00e9rique trouve automatiquement toutes les stations de radio disponibles et vous permet de les s\u00e9lectionner par leur nom.<\/p>\n<p>L&rsquo;\u00e9l\u00e9gant \u00e9cran avec contr\u00f4leur sans fil de digiDAB Bern vous permet de s\u00e9lectionner facilement les stations et les pistes et de passer des appels en mains libres. Le contr\u00f4leur, petit et l\u00e9ger, est aliment\u00e9 par deux piles AAA standard et peut \u00eatre install\u00e9 facilement presque partout. Par cons\u00e9quent, aucun c\u00e2ble d&rsquo;alimentation ou de connexion n&rsquo;est n\u00e9cessaire.<\/p>\n<p>&nbsp;<\/p>\n<h6 style=\"text-align: center;\">AVEZ-VOUS BESOIN D&rsquo;AIDE?<\/h6>\n<h2 style=\"text-align: center;\">044 439 66 66<\/h2>\n<h6 style=\"text-align: center;\">NOUS SOMMES DISPONIBLES DU LUNDI AU VENDREDI 08:00 \u2013 17:00<\/h6>\n<p>&nbsp;<\/p>\n","protected":false},"excerpt":{"rendered":"<p><strong>digiDAB R\u00e9cepteur DAB+<\/strong><br \/>\n4 stations pr\u00e9d\u00e9finies BT, TA, S\/F 5V<\/p>\n<p>R\u00e9f\u00e9rence DAB 400600-B<br \/>\nFabricant: digiDAB<\/p>\n<p><a href=\"https:\/\/digidab.ch\/wp-content\/uploads\/2024\/12\/20240930_Bedienunganleitung_B12_dab-400600_Bern_FR.pdf\" target=\"_blank\" rel=\"noopener\">Mode d&#8217;emploi<\/a><\/p>\n","protected":false},"featured_media":833,"comment_status":"open","ping_status":"closed","template":"","meta":[],"product_brand":[],"product_cat":[56,80],"product_tag":[],"class_list":{"0":"post-1359","1":"product","2":"type-product","3":"status-publish","4":"has-post-thumbnail","6":"product_cat-dab-vehicule","7":"product_cat-recepteur","9":"first","10":"instock","11":"shipping-taxable","12":"purchasable","13":"product-type-simple"},"_links":{"self":[{"href":"https:\/\/digidab.ch\/fr\/wp-json\/wp\/v2\/product\/1359","targetHints":{"allow":["GET"]}}],"collection":[{"href":"https:\/\/digidab.ch\/fr\/wp-json\/wp\/v2\/product"}],"about":[{"href":"https:\/\/digidab.ch\/fr\/wp-json\/wp\/v2\/types\/product"}],"replies":[{"embeddable":true,"href":"https:\/\/digidab.ch\/fr\/wp-json\/wp\/v2\/comments?post=1359"}],"wp:featuredmedia":[{"embeddable":true,"href":"https:\/\/digidab.ch\/fr\/wp-json\/wp\/v2\/media\/833"}],"wp:attachment":[{"href":"https:\/\/digidab.ch\/fr\/wp-json\/wp\/v2\/media?parent=1359"}],"wp:term":[{"taxonomy":"product_brand","embeddable":true,"href":"https:\/\/digidab.ch\/fr\/wp-json\/wp\/v2\/product_brand?post=1359"},{"taxonomy":"product_cat","embeddable":true,"href":"https:\/\/digidab.ch\/fr\/wp-json\/wp\/v2\/product_cat?post=1359"},{"taxonomy":"product_tag","embeddable":true,"href":"https:\/\/digidab.ch\/fr\/wp-json\/wp\/v2\/product_tag?post=1359"}],"curies":[{"name":"wp","href":"https:\/\/api.w.org\/{rel}","templated":true}]}}