{"id":1467,"date":"2024-09-18T17:05:22","date_gmt":"2024-09-18T17:24:09","guid":{"rendered":"https:\/\/digidab.ch\/product\/blaupunkt-santa-cruz-370\/"},"modified":"2024-09-20T18:03:55","modified_gmt":"2024-09-20T16:03:55","slug":"blaupunkt-santa-cruz-370","status":"publish","type":"product","link":"https:\/\/digidab.ch\/fr\/produit\/blaupunkt-santa-cruz-370\/","title":{"rendered":"Blaupunkt Santa Cruz 370"},"content":{"rendered":"<p>Le <strong>Santa Cruz 370<\/strong> offre une gamme multim\u00e9dia g\u00e9n\u00e9reuse avec la bonne qualit\u00e9 habituelle d&rsquo;un autoradio Blaupunkt. Le syst\u00e8me d&rsquo;exploitation est Win CE 6.0, qui offre une utilisation claire avec de nombreuses possibilit\u00e9s de r\u00e9glage via l&rsquo;\u00e9cran tactile de 6.2&Prime;.<\/p>\n<p>Gr\u00e2ce au slot pour cartes SD, le Santa Cruz 370 vous fournit toujours le mat\u00e9riel cartographique le plus r\u00e9cent, tandis que vous pouvez \u00e9couter de la musique au choix par USB ou en streaming audio Bluetooth. Le dispositif mains libres devrait \u00eatre la fonction la plus importante pour les grands voyageurs. Il suffit de connecter votre smartphone \u00e0 l&rsquo;autoradio via Bluetooth pour avoir acc\u00e8s au r\u00e9pertoire t\u00e9l\u00e9phonique et \u00e0 la fonction d&rsquo;appel.<\/p>\n<p>Pour int\u00e9grer facilement le Santa Cruz 370 dans votre voiture, vous disposez en outre de nombreuses possibilit\u00e9s de connexion. Il est par exemple possible de raccorder facilement les commandes au volant ou la cam\u00e9ra de recul \u00e0 cet autoradio.<\/p>\n<p>&nbsp;<\/p>\n<h6 style=\"text-align: center;\">AVEZ-VOUS BESOIN D&rsquo;AIDE?<\/h6>\n<h2 style=\"text-align: center;\">044 439 66 66<\/h2>\n<h6 style=\"text-align: center;\">NOUS SOMMES DISPONIBLES DU LUNDI AU VENDREDI 08:00 \u2013 17:00<\/h6>\n<p>&nbsp;<\/p>\n","protected":false},"excerpt":{"rendered":"<p><strong>Blaupunkt Santa Cruz 370<\/strong><br \/>\n6.2&Prime; (Nav Ready)<\/p>\n<p>R\u00e9f\u00e9rence: 2 002 017 000 004<br \/>\nFabricant: Blaupunkt<\/p>\n<p><a href=\"https:\/\/digidab.ch\/wp-content\/uploads\/2024\/09\/Santa-Cruz-2002017000004_BA_MULTI-1.pdf\" target=\"_blank\" rel=\"noopener\">Mode d&#8217;emploi<\/a><\/p>\n","protected":false},"featured_media":1438,"comment_status":"open","ping_status":"closed","template":"","meta":[],"product_brand":[],"product_cat":[56,81],"product_tag":[],"class_list":{"0":"post-1467","1":"product","2":"type-product","3":"status-publish","4":"has-post-thumbnail","6":"product_cat-dab-vehicule","7":"product_cat-multimedia-fr","9":"first","10":"instock","11":"shipping-taxable","12":"purchasable","13":"product-type-simple"},"_links":{"self":[{"href":"https:\/\/digidab.ch\/fr\/wp-json\/wp\/v2\/product\/1467","targetHints":{"allow":["GET"]}}],"collection":[{"href":"https:\/\/digidab.ch\/fr\/wp-json\/wp\/v2\/product"}],"about":[{"href":"https:\/\/digidab.ch\/fr\/wp-json\/wp\/v2\/types\/product"}],"replies":[{"embeddable":true,"href":"https:\/\/digidab.ch\/fr\/wp-json\/wp\/v2\/comments?post=1467"}],"wp:featuredmedia":[{"embeddable":true,"href":"https:\/\/digidab.ch\/fr\/wp-json\/wp\/v2\/media\/1438"}],"wp:attachment":[{"href":"https:\/\/digidab.ch\/fr\/wp-json\/wp\/v2\/media?parent=1467"}],"wp:term":[{"taxonomy":"product_brand","embeddable":true,"href":"https:\/\/digidab.ch\/fr\/wp-json\/wp\/v2\/product_brand?post=1467"},{"taxonomy":"product_cat","embeddable":true,"href":"https:\/\/digidab.ch\/fr\/wp-json\/wp\/v2\/product_cat?post=1467"},{"taxonomy":"product_tag","embeddable":true,"href":"https:\/\/digidab.ch\/fr\/wp-json\/wp\/v2\/product_tag?post=1467"}],"curies":[{"name":"wp","href":"https:\/\/api.w.org\/{rel}","templated":true}]}}