{"id":1468,"date":"2024-09-18T17:40:05","date_gmt":"2024-09-18T17:51:33","guid":{"rendered":"https:\/\/digidab.ch\/product\/blaupunkt-cape-town-948-dab\/"},"modified":"2024-09-18T20:32:28","modified_gmt":"2024-09-18T18:32:28","slug":"blaupunkt-cape-town-948-dab","status":"publish","type":"product","link":"https:\/\/digidab.ch\/fr\/produit\/blaupunkt-cape-town-948-dab\/","title":{"rendered":"Blaupunkt Cape Town 948 DAB"},"content":{"rendered":"<p>Le <strong>Cape Town 948 DAB<\/strong> allie un design de qualit\u00e9 jusque dans les moindres d\u00e9tails, un concept de commande intuitif et une diversit\u00e9 de fonctions \u00e9poustouflante et innovante. Il impressionne avec son \u00e9cran IPS HD de 10,1 \u00bb et combine une r\u00e9ception radio RDS de premi\u00e8re classe, un tuner DAB+ int\u00e9gr\u00e9, de multiples possibilit\u00e9s de divertissement et de nombreuses possibilit\u00e9s de connexion pour de nombreux types de m\u00e9dias mobiles. Le Cape Town 948 DAB dispose d&rsquo;interfaces s\u00e9rielles telles que Bluetooth et USB, qui vous permettent d&rsquo;\u00e9couter facilement votre collection de musique. Mais quel que soit ce que vous recherchez, la Cape Town 948 DAB a une bonne r\u00e9ponse pour vous.<\/p>\n<p>Gr\u00e2ce \u00e0 son \u00e9cran inclinable et pivotant avec r\u00e9glage de la hauteur et son aspect flottant \u00e9l\u00e9gant, la Cape Town 948 peut \u00eatre install\u00e9e dans de nombreux types de v\u00e9hicules et s&rsquo;adapter de mani\u00e8re appropri\u00e9e aux conditions du v\u00e9hicule.<\/p>\n<p>Le mode \u00e9cran partag\u00e9 de la Cape Town 948 DAB vous permet de faire fonctionner deux applications c\u00f4te \u00e0 c\u00f4te. Vous pouvez \u00e9couter la radio ou la musique d&rsquo;une cl\u00e9 USB tout en naviguant.<\/p>\n<p>Se garer peut \u00eatre un travail de pr\u00e9cision. Le Cape Town 948 DAB dispose de quatre entr\u00e9es de cam\u00e9ra. Ainsi, vous gardez toujours une vue d&rsquo;ensemble et rien ne devrait plus aller de travers.<\/p>\n<p>L&rsquo;utilisation permanente de donn\u00e9es et de m\u00e9dias num\u00e9riques et mobiles est devenue tout \u00e0 fait normale. C&rsquo;est forc\u00e9ment un devoir absolu pour les appareils modernes de les prendre en charge. Mais rien que l&rsquo;\u00e9ventail des m\u00e9dias et des formats pris en charge fait la grande diff\u00e9rence. Le Cape Town 948 DAB n&rsquo;admet aucun compromis. De nombreux formats audio, vid\u00e9o et image sont pris en charge par l&rsquo;appareil. Il n&rsquo;y a pratiquement aucune limite \u00e0 la richesse des fichiers sur chaque support. Toutefois, de nombreux titres n&rsquo;ont de sens que si la s\u00e9lection est simple. Appr\u00e9ciez \u00e0 quel point cela fonctionne de mani\u00e8re ludique avec le Cape Town 948 DAB.<\/p>\n<p>Cet appareil dispose \u00e9galement d&rsquo;un syst\u00e8me de navigation. Pour l&rsquo;utiliser, il faut un logiciel de navigation suppl\u00e9mentaire, qui peut \u00eatre achet\u00e9 en option. Avec la navigation pour la Cape Town 948 DAB, vous atteignez chaque destination confortablement, rapidement et en toute d\u00e9contraction. Ou faites un d\u00e9tour spontan\u00e9 vers des lieux int\u00e9ressants que le Cape Town 948 DAB vous proposera sur demande le long de votre itin\u00e9raire. Tout cela en toute simplicit\u00e9 et du bout des doigts.<\/p>\n<p>&nbsp;<\/p>\n<h6 style=\"text-align: center;\">AVEZ-VOUS BESOIN D&rsquo;AIDE?<\/h6>\n<h2 style=\"text-align: center;\">044 439 66 66<\/h2>\n<h6 style=\"text-align: center;\">NOUS SOMMES DISPONIBLES DU LUNDI AU VENDREDI 08:00 \u2013 17:00<\/h6>\n<p>&nbsp;<\/p>\n","protected":false},"excerpt":{"rendered":"<p><strong>Blaupunkt Cape Town 948 DAB+<\/strong><br \/>\n1-DIN Car-Multimedia 10.1&Prime;<\/p>\n<p>R\u00e9f\u00e9rence: 2 002 024 000 002<br \/>\nFabricant: Blaupunkt<\/p>\n<p><a href=\"https:\/\/digidab.ch\/wp-content\/uploads\/2024\/09\/BLAUPUNKT-Cape-Town-948.pdf\" target=\"_blank\" rel=\"noopener\">Mode d&#8217;emploi<\/a><\/p>\n","protected":false},"featured_media":1445,"comment_status":"open","ping_status":"closed","template":"","meta":[],"product_brand":[],"product_cat":[56,81],"product_tag":[],"class_list":{"0":"post-1468","1":"product","2":"type-product","3":"status-publish","4":"has-post-thumbnail","6":"product_cat-dab-vehicule","7":"product_cat-multimedia-fr","9":"first","10":"instock","11":"shipping-taxable","12":"purchasable","13":"product-type-simple"},"_links":{"self":[{"href":"https:\/\/digidab.ch\/fr\/wp-json\/wp\/v2\/product\/1468","targetHints":{"allow":["GET"]}}],"collection":[{"href":"https:\/\/digidab.ch\/fr\/wp-json\/wp\/v2\/product"}],"about":[{"href":"https:\/\/digidab.ch\/fr\/wp-json\/wp\/v2\/types\/product"}],"replies":[{"embeddable":true,"href":"https:\/\/digidab.ch\/fr\/wp-json\/wp\/v2\/comments?post=1468"}],"wp:featuredmedia":[{"embeddable":true,"href":"https:\/\/digidab.ch\/fr\/wp-json\/wp\/v2\/media\/1445"}],"wp:attachment":[{"href":"https:\/\/digidab.ch\/fr\/wp-json\/wp\/v2\/media?parent=1468"}],"wp:term":[{"taxonomy":"product_brand","embeddable":true,"href":"https:\/\/digidab.ch\/fr\/wp-json\/wp\/v2\/product_brand?post=1468"},{"taxonomy":"product_cat","embeddable":true,"href":"https:\/\/digidab.ch\/fr\/wp-json\/wp\/v2\/product_cat?post=1468"},{"taxonomy":"product_tag","embeddable":true,"href":"https:\/\/digidab.ch\/fr\/wp-json\/wp\/v2\/product_tag?post=1468"}],"curies":[{"name":"wp","href":"https:\/\/api.w.org\/{rel}","templated":true}]}}