{"id":1470,"date":"2024-09-18T19:04:42","date_gmt":"2024-09-18T18:24:31","guid":{"rendered":"https:\/\/digidab.ch\/product\/blaupunkt-vienna-700-dab\/"},"modified":"2024-09-18T20:28:26","modified_gmt":"2024-09-18T18:28:26","slug":"blaupunkt-vienna-700-dab","status":"publish","type":"product","link":"https:\/\/digidab.ch\/fr\/produit\/blaupunkt-vienna-700-dab\/","title":{"rendered":"Blaupunkt Vienna 700 DAB"},"content":{"rendered":"<p>La particularit\u00e9 des unit\u00e9s de divertissement <strong>Vienna 700 DAB<\/strong> est la fonction de transmetteur audio via Bluetooth. Celle-ci permet de transmettre directement un signal audio de l&rsquo;autoradio \u00e0 un r\u00e9cepteur Bluetooth, par exemple un haut-parleur. Il est ainsi possible de profiter du programme radio ou du CD m\u00eame en dehors du v\u00e9hicule.<\/p>\n<p>Sous l&rsquo;auvent, lors d&rsquo;un bain de soleil, d&rsquo;un pique-nique ou d&rsquo;un d\u00eener en plein air, le Vienna 700 DAB fournit ainsi un fond musical parfait &#8211; m\u00eame \u00e0 l&rsquo;ext\u00e9rieur.<\/p>\n<p>&nbsp;<\/p>\n<h6 style=\"text-align: center;\">AVEZ-VOUS BESOIN D&rsquo;AIDE?<\/h6>\n<h2 style=\"text-align: center;\">044 439 66 66<\/h2>\n<h6 style=\"text-align: center;\">NOUS SOMMES DISPONIBLES DU LUNDI AU VENDREDI 08:00 \u2013 17:00<\/h6>\n<p>&nbsp;<\/p>\n","protected":false},"excerpt":{"rendered":"<p><strong>Blaupunkt Vienna 700 DAB+<\/strong><br \/>\n2-DIN-Mediacenter 6.75&Prime; NavReady<\/p>\n<p>R\u00e9f\u00e9rence: 2 002 024 000 018<br \/>\nFabricant: Blaupunkt<\/p>\n<p><a href=\"https:\/\/digidab.ch\/wp-content\/uploads\/2024\/09\/Blaupunkt-Vienna-700-DAB.pdf\" target=\"_blank\" rel=\"noopener\">Mode d&#8217;emploi<\/a><\/p>\n","protected":false},"featured_media":1464,"comment_status":"open","ping_status":"closed","template":"","meta":[],"product_brand":[],"product_cat":[56,81],"product_tag":[],"class_list":{"0":"post-1470","1":"product","2":"type-product","3":"status-publish","4":"has-post-thumbnail","6":"product_cat-dab-vehicule","7":"product_cat-multimedia-fr","9":"first","10":"instock","11":"shipping-taxable","12":"purchasable","13":"product-type-simple"},"_links":{"self":[{"href":"https:\/\/digidab.ch\/fr\/wp-json\/wp\/v2\/product\/1470","targetHints":{"allow":["GET"]}}],"collection":[{"href":"https:\/\/digidab.ch\/fr\/wp-json\/wp\/v2\/product"}],"about":[{"href":"https:\/\/digidab.ch\/fr\/wp-json\/wp\/v2\/types\/product"}],"replies":[{"embeddable":true,"href":"https:\/\/digidab.ch\/fr\/wp-json\/wp\/v2\/comments?post=1470"}],"wp:featuredmedia":[{"embeddable":true,"href":"https:\/\/digidab.ch\/fr\/wp-json\/wp\/v2\/media\/1464"}],"wp:attachment":[{"href":"https:\/\/digidab.ch\/fr\/wp-json\/wp\/v2\/media?parent=1470"}],"wp:term":[{"taxonomy":"product_brand","embeddable":true,"href":"https:\/\/digidab.ch\/fr\/wp-json\/wp\/v2\/product_brand?post=1470"},{"taxonomy":"product_cat","embeddable":true,"href":"https:\/\/digidab.ch\/fr\/wp-json\/wp\/v2\/product_cat?post=1470"},{"taxonomy":"product_tag","embeddable":true,"href":"https:\/\/digidab.ch\/fr\/wp-json\/wp\/v2\/product_tag?post=1470"}],"curies":[{"name":"wp","href":"https:\/\/api.w.org\/{rel}","templated":true}]}}