{"id":1482,"date":"2024-09-20T19:12:48","date_gmt":"2024-09-20T17:20:21","guid":{"rendered":"https:\/\/digidab.ch\/product\/phonocar-antenne-de-toit-am-fm-dab\/"},"modified":"2024-09-20T19:22:09","modified_gmt":"2024-09-20T17:22:09","slug":"phonocar-antenne-de-toit-am-fm-dab","status":"publish","type":"product","link":"https:\/\/digidab.ch\/fr\/produit\/phonocar-antenne-de-toit-am-fm-dab\/","title":{"rendered":"Phonocar Antenne de toit AM\/FM\/DAB"},"content":{"rendered":"<p><strong>L&rsquo;antenne de toit avant AM\/FM DAB+ de Phonocar<\/strong> amplifie le signal de votre autoradio. Elle est compos\u00e9e d&rsquo;une tige anti-bruit en fibre de verre et peut \u00eatre orient\u00e9e.<\/p>\n<p>&nbsp;<\/p>\n<h6 style=\"text-align: center;\">AVEZ-VOUS BESOIN D&rsquo;AIDE?<\/h6>\n<h2 style=\"text-align: center;\">044 439 66 66<\/h2>\n<h6 style=\"text-align: center;\">NOUS SOMMES DISPONIBLES DU LUNDI AU VENDREDI 08:00 \u2013 17:00<\/h6>\n<p>&nbsp;<\/p>\n","protected":false},"excerpt":{"rendered":"<p><strong>Phonocar Antenne de toit AM\/FM\/DAB+<\/strong><br \/>\nmontage sur toit avant<\/p>\n<p>R\u00e9f\u00e9rence: 08190<br \/>\nFabricant: Phonocar<\/p>\n","protected":false},"featured_media":1477,"comment_status":"open","ping_status":"closed","template":"","meta":[],"product_brand":[],"product_cat":[59],"product_tag":[],"class_list":{"0":"post-1482","1":"product","2":"type-product","3":"status-publish","4":"has-post-thumbnail","6":"product_cat-antennes","8":"first","9":"instock","10":"shipping-taxable","11":"purchasable","12":"product-type-simple"},"_links":{"self":[{"href":"https:\/\/digidab.ch\/fr\/wp-json\/wp\/v2\/product\/1482","targetHints":{"allow":["GET"]}}],"collection":[{"href":"https:\/\/digidab.ch\/fr\/wp-json\/wp\/v2\/product"}],"about":[{"href":"https:\/\/digidab.ch\/fr\/wp-json\/wp\/v2\/types\/product"}],"replies":[{"embeddable":true,"href":"https:\/\/digidab.ch\/fr\/wp-json\/wp\/v2\/comments?post=1482"}],"wp:featuredmedia":[{"embeddable":true,"href":"https:\/\/digidab.ch\/fr\/wp-json\/wp\/v2\/media\/1477"}],"wp:attachment":[{"href":"https:\/\/digidab.ch\/fr\/wp-json\/wp\/v2\/media?parent=1482"}],"wp:term":[{"taxonomy":"product_brand","embeddable":true,"href":"https:\/\/digidab.ch\/fr\/wp-json\/wp\/v2\/product_brand?post=1482"},{"taxonomy":"product_cat","embeddable":true,"href":"https:\/\/digidab.ch\/fr\/wp-json\/wp\/v2\/product_cat?post=1482"},{"taxonomy":"product_tag","embeddable":true,"href":"https:\/\/digidab.ch\/fr\/wp-json\/wp\/v2\/product_tag?post=1482"}],"curies":[{"name":"wp","href":"https:\/\/api.w.org\/{rel}","templated":true}]}}