{"id":1490,"date":"2024-09-20T19:36:59","date_gmt":"2024-09-20T17:41:15","guid":{"rendered":"https:\/\/digidab.ch\/product\/phonocar-antenne-de-toit-am-fm-dab-2\/"},"modified":"2024-09-20T19:42:43","modified_gmt":"2024-09-20T17:42:43","slug":"phonocar-antenne-de-toit-am-fm-dab-2","status":"publish","type":"product","link":"https:\/\/digidab.ch\/fr\/produit\/phonocar-antenne-de-toit-am-fm-dab-2\/","title":{"rendered":"Phonocar Antenne de toit AM\/FM\/DAB"},"content":{"rendered":"<p><strong>L&rsquo;antenne AM\/FM\/DAB+ renforc\u00e9e de Phonocar<\/strong> peut \u00eatre facilement install\u00e9e et mont\u00e9e sur le toit arri\u00e8re des voitures, caravanes et autres v\u00e9hicules. Avant d&rsquo;installer l&rsquo;antenne, v\u00e9rifiez que le trou de fixation sur le toit du v\u00e9hicule est de 15 mm et que le pied de l&rsquo;antenne d&rsquo;origine est de 4,5 x 6 cm ou moins.<\/p>\n<p>&nbsp;<\/p>\n<h6 style=\"text-align: center;\">AVEZ-VOUS BESOIN D&rsquo;AIDE?<\/h6>\n<h2 style=\"text-align: center;\">044 439 66 66<\/h2>\n<h6 style=\"text-align: center;\">NOUS SOMMES DISPONIBLES DU LUNDI AU VENDREDI 08:00 \u2013 17:00<\/h6>\n<p>&nbsp;<\/p>\n","protected":false},"excerpt":{"rendered":"<p><strong>Phonocar Antenne de toit AM\/FM\/DAB+<\/strong><br \/>\nmontage sur toit arri\u00e8r<\/p>\n<p>R\u00e9f\u00e9rence: 08195<br \/>\nFabricant: Phonocar<\/p>\n","protected":false},"featured_media":1485,"comment_status":"open","ping_status":"closed","template":"","meta":[],"product_brand":[],"product_cat":[59],"product_tag":[],"class_list":{"0":"post-1490","1":"product","2":"type-product","3":"status-publish","4":"has-post-thumbnail","6":"product_cat-antennes","8":"first","9":"instock","10":"shipping-taxable","11":"purchasable","12":"product-type-simple"},"_links":{"self":[{"href":"https:\/\/digidab.ch\/fr\/wp-json\/wp\/v2\/product\/1490","targetHints":{"allow":["GET"]}}],"collection":[{"href":"https:\/\/digidab.ch\/fr\/wp-json\/wp\/v2\/product"}],"about":[{"href":"https:\/\/digidab.ch\/fr\/wp-json\/wp\/v2\/types\/product"}],"replies":[{"embeddable":true,"href":"https:\/\/digidab.ch\/fr\/wp-json\/wp\/v2\/comments?post=1490"}],"wp:featuredmedia":[{"embeddable":true,"href":"https:\/\/digidab.ch\/fr\/wp-json\/wp\/v2\/media\/1485"}],"wp:attachment":[{"href":"https:\/\/digidab.ch\/fr\/wp-json\/wp\/v2\/media?parent=1490"}],"wp:term":[{"taxonomy":"product_brand","embeddable":true,"href":"https:\/\/digidab.ch\/fr\/wp-json\/wp\/v2\/product_brand?post=1490"},{"taxonomy":"product_cat","embeddable":true,"href":"https:\/\/digidab.ch\/fr\/wp-json\/wp\/v2\/product_cat?post=1490"},{"taxonomy":"product_tag","embeddable":true,"href":"https:\/\/digidab.ch\/fr\/wp-json\/wp\/v2\/product_tag?post=1490"}],"curies":[{"name":"wp","href":"https:\/\/api.w.org\/{rel}","templated":true}]}}