{"id":1519,"date":"2024-09-24T17:26:27","date_gmt":"2024-09-24T15:49:29","guid":{"rendered":"https:\/\/digidab.ch\/product\/blaupunkt-separateur-dantenne-passif\/"},"modified":"2024-09-24T17:58:24","modified_gmt":"2024-09-24T15:58:24","slug":"blaupunkt-separateur-dantenne-passif","status":"publish","type":"product","link":"https:\/\/digidab.ch\/fr\/produit\/blaupunkt-separateur-dantenne-passif\/","title":{"rendered":"Blaupunkt R\u00e9partiteur d&rsquo;Antenne Passif"},"content":{"rendered":"<p>Le <strong>r\u00e9partiteur d&rsquo;antenne passif de Blaupunkt<\/strong> est id\u00e9al pour l&rsquo;int\u00e9rieur des v\u00e9hicules et des maisons et poss\u00e8de toutes les fonctions et caract\u00e9ristiques, y compris une r\u00e9partition des plages de fr\u00e9quences AM\/FM et DAB\/DAB+.<\/p>\n<p>&nbsp;<\/p>\n<h6 style=\"text-align: center;\">AVEZ-VOUS BESOIN D&rsquo;AIDE?<\/h6>\n<h2 style=\"text-align: center;\">044 439 66 66<\/h2>\n<h6 style=\"text-align: center;\">NOUS SOMMES DISPONIBLES DU LUNDI AU VENDREDI 08:00 \u2013 17:00<\/h6>\n<p>&nbsp;<\/p>\n","protected":false},"excerpt":{"rendered":"<p><strong>Blaupunkt R\u00e9partiteur d&rsquo;Antenne passif<\/strong><br \/>\nDAB-S-31p FAKRA\/ISO coud\u00e9<\/p>\n<p>R\u00e9f\u00e9rence: 2 006 017 472 408<br \/>\nFabricant: Blaupunkt<\/p>\n","protected":false},"featured_media":1503,"comment_status":"open","ping_status":"closed","template":"","meta":[],"product_brand":[],"product_cat":[61],"product_tag":[],"class_list":{"0":"post-1519","1":"product","2":"type-product","3":"status-publish","4":"has-post-thumbnail","6":"product_cat-accessoires","8":"first","9":"instock","10":"shipping-taxable","11":"purchasable","12":"product-type-simple"},"_links":{"self":[{"href":"https:\/\/digidab.ch\/fr\/wp-json\/wp\/v2\/product\/1519","targetHints":{"allow":["GET"]}}],"collection":[{"href":"https:\/\/digidab.ch\/fr\/wp-json\/wp\/v2\/product"}],"about":[{"href":"https:\/\/digidab.ch\/fr\/wp-json\/wp\/v2\/types\/product"}],"replies":[{"embeddable":true,"href":"https:\/\/digidab.ch\/fr\/wp-json\/wp\/v2\/comments?post=1519"}],"wp:featuredmedia":[{"embeddable":true,"href":"https:\/\/digidab.ch\/fr\/wp-json\/wp\/v2\/media\/1503"}],"wp:attachment":[{"href":"https:\/\/digidab.ch\/fr\/wp-json\/wp\/v2\/media?parent=1519"}],"wp:term":[{"taxonomy":"product_brand","embeddable":true,"href":"https:\/\/digidab.ch\/fr\/wp-json\/wp\/v2\/product_brand?post=1519"},{"taxonomy":"product_cat","embeddable":true,"href":"https:\/\/digidab.ch\/fr\/wp-json\/wp\/v2\/product_cat?post=1519"},{"taxonomy":"product_tag","embeddable":true,"href":"https:\/\/digidab.ch\/fr\/wp-json\/wp\/v2\/product_tag?post=1519"}],"curies":[{"name":"wp","href":"https:\/\/api.w.org\/{rel}","templated":true}]}}