{"id":1615,"date":"2025-02-27T15:45:05","date_gmt":"2025-02-27T15:58:27","guid":{"rendered":"https:\/\/digidab.ch\/product\/blaupunkt-denver-412-dab\/"},"modified":"2025-02-27T18:12:42","modified_gmt":"2025-02-27T17:12:42","slug":"blaupunkt-denver-412-dab","status":"publish","type":"product","link":"https:\/\/digidab.ch\/fr\/produit\/blaupunkt-denver-412-dab\/","title":{"rendered":"Blaupunkt Denver 412 DAB"},"content":{"rendered":"<p>La s\u00e9rie <strong>Blaupunkt Denver 412 DAB<\/strong> Heavy Duty est r\u00e9sistante, facile \u00e0 utiliser et sans compromis en termes de qualit\u00e9. Elle offre un info-divertissement fonctionnel d&rsquo;une nouvelle dimension!<\/p>\n<p>Tous les supports USB modernes peuvent \u00eatre facilement connect\u00e9s et lus. Et gr\u00e2ce au nombre r\u00e9duit de grandes touches de station caoutchout\u00e9es, l&rsquo;utilisation est toujours intuitive. Ce concept bien pens\u00e9 se retrouve jusque dans les moindres d\u00e9tails : Les stations de radio enregistr\u00e9es sont conserv\u00e9es, m\u00eame si la batterie du v\u00e9hicule est d\u00e9branch\u00e9e lors de travaux d&rsquo;entretien.<\/p>\n<p>&nbsp;<\/p>\n<h6 style=\"text-align: center;\">AVEZ-VOUS BESOIN D&rsquo;AIDE?<\/h6>\n<h2 style=\"text-align: center;\">044 439 66 66<\/h2>\n<h6 style=\"text-align: center;\">NOUS SOMMES DISPONIBLES DU LUNDI AU VENDREDI<br \/>\n08:00 &#8211; 17:00<\/h6>\n<p>&nbsp;<\/p>\n","protected":false},"excerpt":{"rendered":"<p><strong>Blaupunkt DAB+ Autoradio<\/strong><br \/>\n1 DIN DAB \/ BT 12 Volt<\/p>\n<p>R\u00e9f\u00e9rence 2 001 024 000 002<br \/>\nFabricant: Blaupunkt<\/p>\n<p><a href=\"https:\/\/digidab.ch\/wp-content\/uploads\/2025\/02\/Anleitung-HEAVY-DUTY-2024-final-2024.11.11.pdf\" target=\"_blank\" rel=\"noopener\">Mode d&#8217;emploi<\/a><\/p>\n","protected":false},"featured_media":1605,"comment_status":"open","ping_status":"closed","template":"","meta":[],"product_brand":[],"product_cat":[82,79,56,85],"product_tag":[],"class_list":{"0":"post-1615","1":"product","2":"type-product","3":"status-publish","4":"has-post-thumbnail","6":"product_cat-12v-fr","7":"product_cat-autoradios-fr","8":"product_cat-dab-vehicule","9":"product_cat-mechless-fr","11":"first","12":"instock","13":"shipping-taxable","14":"purchasable","15":"product-type-simple"},"_links":{"self":[{"href":"https:\/\/digidab.ch\/fr\/wp-json\/wp\/v2\/product\/1615","targetHints":{"allow":["GET"]}}],"collection":[{"href":"https:\/\/digidab.ch\/fr\/wp-json\/wp\/v2\/product"}],"about":[{"href":"https:\/\/digidab.ch\/fr\/wp-json\/wp\/v2\/types\/product"}],"replies":[{"embeddable":true,"href":"https:\/\/digidab.ch\/fr\/wp-json\/wp\/v2\/comments?post=1615"}],"wp:featuredmedia":[{"embeddable":true,"href":"https:\/\/digidab.ch\/fr\/wp-json\/wp\/v2\/media\/1605"}],"wp:attachment":[{"href":"https:\/\/digidab.ch\/fr\/wp-json\/wp\/v2\/media?parent=1615"}],"wp:term":[{"taxonomy":"product_brand","embeddable":true,"href":"https:\/\/digidab.ch\/fr\/wp-json\/wp\/v2\/product_brand?post=1615"},{"taxonomy":"product_cat","embeddable":true,"href":"https:\/\/digidab.ch\/fr\/wp-json\/wp\/v2\/product_cat?post=1615"},{"taxonomy":"product_tag","embeddable":true,"href":"https:\/\/digidab.ch\/fr\/wp-json\/wp\/v2\/product_tag?post=1615"}],"curies":[{"name":"wp","href":"https:\/\/api.w.org\/{rel}","templated":true}]}}