{"id":1630,"date":"2025-02-28T12:18:25","date_gmt":"2025-02-28T11:40:30","guid":{"rendered":"https:\/\/digidab.ch\/product\/blaupunkt-durban-424-dab-bt\/"},"modified":"2025-02-28T12:48:26","modified_gmt":"2025-02-28T11:48:26","slug":"blaupunkt-durban-424-dab-bt","status":"publish","type":"product","link":"https:\/\/digidab.ch\/fr\/produit\/blaupunkt-durban-424-dab-bt\/","title":{"rendered":"Blaupunkt Durban 424 DAB BT"},"content":{"rendered":"<p>L&rsquo;autoradio <strong>Blaupunkt Durban 424 DAB<\/strong> au format 1-DIN offre une r\u00e9ception radio claire gr\u00e2ce au tuner DAB+.<\/p>\n<p>Tous les supports USB modernes peuvent \u00eatre facilement connect\u00e9s et lus. Et gr\u00e2ce \u00e0 un nombre r\u00e9duit de grandes touches de station caoutchout\u00e9es, l&rsquo;utilisation est toujours intuitive. Il est \u00e9galement possible de connecter son smartphone \u00e0 la radio via Bluetooth. La fonction Bluetooth int\u00e9gr\u00e9e permet d&rsquo;utiliser une fonction mains libres, de sorte que les conversations peuvent \u00eatre men\u00e9es sans prendre le smartphone en main.<\/p>\n<p>Ce concept bien pens\u00e9 se retrouve jusque dans les moindres d\u00e9tails: Les stations de radio enregistr\u00e9es sont conserv\u00e9es, m\u00eame si la batterie du v\u00e9hicule est d\u00e9branch\u00e9e lors de travaux d&rsquo;entretien.<\/p>\n<p>R\u00e9sistance, facilit\u00e9 d&rsquo;utilisation et qualit\u00e9 sans compromis: autant de qualit\u00e9s que les conducteurs de v\u00e9hicules utilitaires attendent d&rsquo;une radio.<\/p>\n<p>&nbsp;<\/p>\n<h6 style=\"text-align: center;\">AVEZ-VOUS BESOIN D&rsquo;AIDE?<\/h6>\n<h2 style=\"text-align: center;\">044 439 66 66<\/h2>\n<h6 style=\"text-align: center;\">NOUS SOMMES DISPONIBLES DU LUNDI AU VENDREDI<br \/>\n08:00 &#8211; 17:00<\/h6>\n<p>&nbsp;<\/p>\n","protected":false},"excerpt":{"rendered":"<p><strong>Blaupunkt DAB+ Autoradio<\/strong><br \/>\n1 DIN DAB \/ BT 24 Volt<\/p>\n<p>R\u00e9f\u00e9rence 2 001 024 000 001<br \/>\nFabricant: Blaupunkt<\/p>\n<p><a href=\"https:\/\/digidab.ch\/wp-content\/uploads\/2025\/02\/Anleitung-HEAVY-DUTY-2024-final-2024.11.11-1.pdf\" target=\"_blank\" rel=\"noopener\">Mode d&#8217;emploi<\/a><\/p>\n","protected":false},"featured_media":1619,"comment_status":"open","ping_status":"closed","template":"","meta":[],"product_brand":[],"product_cat":[83,79,56,87],"product_tag":[],"class_list":{"0":"post-1630","1":"product","2":"type-product","3":"status-publish","4":"has-post-thumbnail","6":"product_cat-24v-fr","7":"product_cat-autoradios-fr","8":"product_cat-dab-vehicule","9":"product_cat-mechless-fr-2","11":"first","12":"instock","13":"shipping-taxable","14":"purchasable","15":"product-type-simple"},"_links":{"self":[{"href":"https:\/\/digidab.ch\/fr\/wp-json\/wp\/v2\/product\/1630","targetHints":{"allow":["GET"]}}],"collection":[{"href":"https:\/\/digidab.ch\/fr\/wp-json\/wp\/v2\/product"}],"about":[{"href":"https:\/\/digidab.ch\/fr\/wp-json\/wp\/v2\/types\/product"}],"replies":[{"embeddable":true,"href":"https:\/\/digidab.ch\/fr\/wp-json\/wp\/v2\/comments?post=1630"}],"wp:featuredmedia":[{"embeddable":true,"href":"https:\/\/digidab.ch\/fr\/wp-json\/wp\/v2\/media\/1619"}],"wp:attachment":[{"href":"https:\/\/digidab.ch\/fr\/wp-json\/wp\/v2\/media?parent=1630"}],"wp:term":[{"taxonomy":"product_brand","embeddable":true,"href":"https:\/\/digidab.ch\/fr\/wp-json\/wp\/v2\/product_brand?post=1630"},{"taxonomy":"product_cat","embeddable":true,"href":"https:\/\/digidab.ch\/fr\/wp-json\/wp\/v2\/product_cat?post=1630"},{"taxonomy":"product_tag","embeddable":true,"href":"https:\/\/digidab.ch\/fr\/wp-json\/wp\/v2\/product_tag?post=1630"}],"curies":[{"name":"wp","href":"https:\/\/api.w.org\/{rel}","templated":true}]}}