{"id":858,"date":"2021-06-21T15:47:08","date_gmt":"2021-07-14T11:12:40","guid":{"rendered":"https:\/\/digidab.krautli.systems\/product\/interface-audio-usb-au-mb101\/"},"modified":"2024-09-24T17:14:11","modified_gmt":"2024-09-24T15:14:11","slug":"usb-audio-interface-au-mb101","status":"publish","type":"product","link":"https:\/\/digidab.ch\/fr\/produit\/usb-audio-interface-au-mb101\/","title":{"rendered":"Synkra Interface Audio USB AU-MB101"},"content":{"rendered":"<p>Cette <strong>interface USB AUX-IN<\/strong> convient \u00e0 tous les v\u00e9hicules OE sans connexion AUX-IN. Il permet d&rsquo;alimenter des sources audio externes via AUX-IN (3,5 mm) au syst\u00e8me audio d&rsquo;origine.<\/p>\n<p>&nbsp;<\/p>\n<h6 style=\"text-align: center;\">AVEZ-VOUS BESOIN D&rsquo;AIDE?<\/h6>\n<h2 style=\"text-align: center;\">044 439 66 66<\/h2>\n<h6 style=\"text-align: center;\">NOUS SOMMES DISPONIBLES DU LUNDI AU VENDREDI<br \/>\n08:00 &#8211; 17:00<\/h6>\n<p>&nbsp;<\/p>\n","protected":false},"excerpt":{"rendered":"<p><strong>Interface Audio USB<\/strong><br \/>\nAUX-In avec c\u00e2ble de 15 cm<\/p>\n<p>R\u00e9f\u00e9rence KR-AU-MB101<br \/>\nFabricant: Synkra<\/p>\n","protected":false},"featured_media":813,"comment_status":"open","ping_status":"closed","template":"","meta":[],"product_brand":[],"product_cat":[61],"product_tag":[64],"class_list":{"0":"post-858","1":"product","2":"type-product","3":"status-publish","4":"has-post-thumbnail","6":"product_cat-accessoires","7":"product_tag-adaptateur","9":"first","10":"instock","11":"shipping-taxable","12":"purchasable","13":"product-type-simple"},"_links":{"self":[{"href":"https:\/\/digidab.ch\/fr\/wp-json\/wp\/v2\/product\/858","targetHints":{"allow":["GET"]}}],"collection":[{"href":"https:\/\/digidab.ch\/fr\/wp-json\/wp\/v2\/product"}],"about":[{"href":"https:\/\/digidab.ch\/fr\/wp-json\/wp\/v2\/types\/product"}],"replies":[{"embeddable":true,"href":"https:\/\/digidab.ch\/fr\/wp-json\/wp\/v2\/comments?post=858"}],"wp:featuredmedia":[{"embeddable":true,"href":"https:\/\/digidab.ch\/fr\/wp-json\/wp\/v2\/media\/813"}],"wp:attachment":[{"href":"https:\/\/digidab.ch\/fr\/wp-json\/wp\/v2\/media?parent=858"}],"wp:term":[{"taxonomy":"product_brand","embeddable":true,"href":"https:\/\/digidab.ch\/fr\/wp-json\/wp\/v2\/product_brand?post=858"},{"taxonomy":"product_cat","embeddable":true,"href":"https:\/\/digidab.ch\/fr\/wp-json\/wp\/v2\/product_cat?post=858"},{"taxonomy":"product_tag","embeddable":true,"href":"https:\/\/digidab.ch\/fr\/wp-json\/wp\/v2\/product_tag?post=858"}],"curies":[{"name":"wp","href":"https:\/\/api.w.org\/{rel}","templated":true}]}}