{"id":900,"date":"2021-06-14T10:49:23","date_gmt":"2021-07-19T15:46:39","guid":{"rendered":"https:\/\/digidab.krautli.systems\/product\/dietz-retro-300-dab-bt\/"},"modified":"2021-08-19T11:04:15","modified_gmt":"2021-08-19T11:04:15","slug":"dietz-retro-300-bt","status":"publish","type":"product","link":"https:\/\/digidab.ch\/fr\/produit\/dietz-retro-300-bt\/","title":{"rendered":"Dietz R\u00e9tro 300 DAB\/BT"},"content":{"rendered":"<p>Une technologie de pointe dans un bo\u00eetier au look r\u00e9tro. L&rsquo;excellent tuner radio num\u00e9rique <strong>Dietz R\u00e9tro 300 DAB+<\/strong> vous permet de profiter de la radio sans bruit de fond. En plus des stations, l&rsquo;\u00e9cran vous montre beaucoup plus d&rsquo;informations sur les programmes et les titres.<\/p>\n<p>Les nouvelles puces de m\u00e9moire signifient \u00e9galement qu&rsquo;aucun \u00e9metteur n&rsquo;est perdu si la batterie du v\u00e9hicule est d\u00e9charg\u00e9e ou retir\u00e9e. La fonction Bluetooth comprend une fonction mains libres via le microphone externe inclus dans la livraison ou le microphone int\u00e9gr\u00e9 \u00e0 l&rsquo;avant de l&rsquo;appareil. Ils peuvent lire leurs fichiers musicaux gr\u00e2ce \u00e0 la fonction audio Bluetooth. Le morceau en cours est toujours affich\u00e9 \u00e0 l&rsquo;\u00e9cran.<\/p>\n<p>Le port USB en fa\u00e7ade vous permet de lire vos collections musicales via une cl\u00e9 USB aux formats MP3 ou WMA. Le port USB peut \u00e9galement recharger votre smartphone jusqu&rsquo;\u00e0 1000 mA, par exemple en \u00e9coutant votre musique via l&rsquo;audio Bluetooth. Bien entendu, vous pouvez \u00e9galement \u00e9couter votre station pr\u00e9f\u00e9r\u00e9e via la radio FM et m\u00e9moriser jusqu&rsquo;\u00e0 18 stations.<\/p>\n<p>&nbsp;<\/p>\n<h6 style=\"text-align: center;\">AVEZ-VOUS BESOIN D&rsquo;AIDE?<\/h6>\n<h2 style=\"text-align: center;\">044 439 66 66<\/h2>\n<h6 style=\"text-align: center;\">NOUS SOMMES DISPONIBLES DU LUNDI AU VENDREDI<br \/>\n08:00 &#8211; 17:00<\/h6>\n<p>&nbsp;<\/p>\n","protected":false},"excerpt":{"rendered":"<p><strong>Dietz Autoradio DAB+<\/strong><br \/>\nMP3 \/ USB \/ Aux-In \/ BT<\/p>\n<p>R\u00e9f\u00e9rence R\u00e9tro 300 DAB \/ BT<br \/>\nFabricant: Dietz<\/p>\n","protected":false},"featured_media":750,"comment_status":"open","ping_status":"closed","template":"","meta":[],"product_brand":[],"product_cat":[82,79,56,85],"product_tag":[],"class_list":{"0":"post-900","1":"product","2":"type-product","3":"status-publish","4":"has-post-thumbnail","6":"product_cat-12v-fr","7":"product_cat-autoradios-fr","8":"product_cat-dab-vehicule","9":"product_cat-mechless-fr","11":"first","12":"instock","13":"shipping-taxable","14":"purchasable","15":"product-type-simple"},"_links":{"self":[{"href":"https:\/\/digidab.ch\/fr\/wp-json\/wp\/v2\/product\/900","targetHints":{"allow":["GET"]}}],"collection":[{"href":"https:\/\/digidab.ch\/fr\/wp-json\/wp\/v2\/product"}],"about":[{"href":"https:\/\/digidab.ch\/fr\/wp-json\/wp\/v2\/types\/product"}],"replies":[{"embeddable":true,"href":"https:\/\/digidab.ch\/fr\/wp-json\/wp\/v2\/comments?post=900"}],"wp:featuredmedia":[{"embeddable":true,"href":"https:\/\/digidab.ch\/fr\/wp-json\/wp\/v2\/media\/750"}],"wp:attachment":[{"href":"https:\/\/digidab.ch\/fr\/wp-json\/wp\/v2\/media?parent=900"}],"wp:term":[{"taxonomy":"product_brand","embeddable":true,"href":"https:\/\/digidab.ch\/fr\/wp-json\/wp\/v2\/product_brand?post=900"},{"taxonomy":"product_cat","embeddable":true,"href":"https:\/\/digidab.ch\/fr\/wp-json\/wp\/v2\/product_cat?post=900"},{"taxonomy":"product_tag","embeddable":true,"href":"https:\/\/digidab.ch\/fr\/wp-json\/wp\/v2\/product_tag?post=900"}],"curies":[{"name":"wp","href":"https:\/\/api.w.org\/{rel}","templated":true}]}}