{"id":928,"date":"2021-06-14T10:49:20","date_gmt":"2021-07-20T14:23:23","guid":{"rendered":"https:\/\/digidab.krautli.systems\/product\/blaupunkt-pro-line-nuernberg-200-dab\/"},"modified":"2021-08-19T11:42:00","modified_gmt":"2021-08-19T11:42:00","slug":"blaupunkt-nurnberg-200","status":"publish","type":"product","link":"https:\/\/digidab.ch\/fr\/produit\/blaupunkt-nurnberg-200\/","title":{"rendered":"Blaupunkt Pro Line N\u00fcrnberg 200 DAB"},"content":{"rendered":"<p>L&rsquo;autoradio <strong>Blaupunkt N\u00fcrnberg 200 DAB BT<\/strong> est pleinement engag\u00e9 dans l&rsquo;utilisation des m\u00e9dias num\u00e9riques. Ainsi, on a pu se passer d&rsquo;un lecteur de CD et la profondeur d&rsquo;installation a pu \u00eatre r\u00e9duite en cons\u00e9quence. Outre les cl\u00e9s USB, il est \u00e9galement possible de connecter des appareils audio externes via la connexion jack 3,5 mm. <\/p>\n<p>Il est \u00e9galement possible de connecter le smartphone \u00e0 la radio via Bluetooth. Vous pouvez ainsi diffuser des flux audio ou utiliser l&rsquo;appareil comme un dispositif mains libres gr\u00e2ce au microphone int\u00e9gr\u00e9. Le tuner DAB+ garantit \u00e9galement une r\u00e9ception radio claire.<\/p>\n<p>&nbsp;<\/p>\n<h6 style=\"text-align: center;\">AVEZ-VOUS BESOIN D&rsquo;AIDE?<\/h6>\n<h2 style=\"text-align: center;\">044 439 66 66<\/h2>\n<h6 style=\"text-align: center;\">NOUS SOMMES DISPONIBLES DU LUNDI AU VENDREDI<br \/>\n08:00 &#8211; 17:00<\/h6>\n<p>&nbsp;<\/p>\n","protected":false},"excerpt":{"rendered":"<p><strong>Blaupunkt Autoradio DAB+<\/strong><\/p>\n<p>R\u00e9f\u00e9rence 2 001 020 000 012<br \/>\nFabricant: Blaupunkt<\/p>\n<p><a href=\"https:\/\/digidab.ch\/wp-content\/uploads\/2021\/06\/Blaupunkt-Pro-Line-Nurnberg-200-DAB-Technischer-Katalog.pdf\" target=\"_blank\" rel=\"noopener\">Catalogue technique<\/a><\/p>\n","protected":false},"featured_media":723,"comment_status":"open","ping_status":"closed","template":"","meta":[],"product_brand":[],"product_cat":[82,79,56,85],"product_tag":[],"class_list":{"0":"post-928","1":"product","2":"type-product","3":"status-publish","4":"has-post-thumbnail","6":"product_cat-12v-fr","7":"product_cat-autoradios-fr","8":"product_cat-dab-vehicule","9":"product_cat-mechless-fr","11":"first","12":"instock","13":"shipping-taxable","14":"purchasable","15":"product-type-simple"},"_links":{"self":[{"href":"https:\/\/digidab.ch\/fr\/wp-json\/wp\/v2\/product\/928","targetHints":{"allow":["GET"]}}],"collection":[{"href":"https:\/\/digidab.ch\/fr\/wp-json\/wp\/v2\/product"}],"about":[{"href":"https:\/\/digidab.ch\/fr\/wp-json\/wp\/v2\/types\/product"}],"replies":[{"embeddable":true,"href":"https:\/\/digidab.ch\/fr\/wp-json\/wp\/v2\/comments?post=928"}],"wp:featuredmedia":[{"embeddable":true,"href":"https:\/\/digidab.ch\/fr\/wp-json\/wp\/v2\/media\/723"}],"wp:attachment":[{"href":"https:\/\/digidab.ch\/fr\/wp-json\/wp\/v2\/media?parent=928"}],"wp:term":[{"taxonomy":"product_brand","embeddable":true,"href":"https:\/\/digidab.ch\/fr\/wp-json\/wp\/v2\/product_brand?post=928"},{"taxonomy":"product_cat","embeddable":true,"href":"https:\/\/digidab.ch\/fr\/wp-json\/wp\/v2\/product_cat?post=928"},{"taxonomy":"product_tag","embeddable":true,"href":"https:\/\/digidab.ch\/fr\/wp-json\/wp\/v2\/product_tag?post=928"}],"curies":[{"name":"wp","href":"https:\/\/api.w.org\/{rel}","templated":true}]}}